{"id":19765,"date":"2017-09-10T12:50:55","date_gmt":"2017-09-10T10:50:55","guid":{"rendered":"http:\/\/sace.vengs.biz\/?page_id=19765\/"},"modified":"2019-12-04T15:20:29","modified_gmt":"2019-12-04T14:20:29","slug":"order","status":"publish","type":"page","link":"https:\/\/sace.sk\/en\/publications\/order\/","title":{"rendered":"Order"},"content":{"rendered":"<div class=\"fusion-fullwidth fullwidth-box fusion-builder-row-1 nonhundred-percent-fullwidth non-hundred-percent-height-scrolling\" style=\"background-color: rgba(255,255,255,0);background-position: center center;background-repeat: no-repeat;padding-top:0px;padding-right:0px;padding-bottom:0px;padding-left:0px;margin-bottom: 0px;margin-top: 0px;border-width: 0px 0px 0px 0px;border-color:#eae9e9;border-style:solid;\" ><div class=\"fusion-builder-row fusion-row\"><div class=\"fusion-layout-column fusion_builder_column fusion-builder-column-0 fusion_builder_column_1_1 1_1 fusion-one-full fusion-column-first fusion-column-last\" style=\"margin-top:0px;margin-bottom:0px;\"><div class=\"fusion-column-wrapper fusion-flex-column-wrapper-legacy\" style=\"background-position:left top;background-repeat:no-repeat;-webkit-background-size:cover;-moz-background-size:cover;-o-background-size:cover;background-size:cover;padding: 0px 0px 0px 0px;\"><div class=\"fusion-text fusion-text-1\"><h1 style=\"text-align: center;\">Ordering<\/h1>\n<\/div><div class=\"fusion-sep-clear\"><\/div><div class=\"fusion-separator\" style=\"margin-left: auto;margin-right: auto;margin-top:15px;margin-bottom:70px;width:100%;max-width:90px;\"><div class=\"fusion-separator-border sep-single sep-solid\" style=\"border-color:#015289;border-top-width:2px;\"><\/div><\/div><div class=\"fusion-sep-clear\"><\/div><div class=\"fusion-text fusion-text-2\"><p style=\"text-align: center;\">In case of orders in english please contact us via <a href=\"https:\/\/sace.sk\/en\/contact\/\">e-mail\u00a0<\/a><\/p>\n<\/div><div class=\"fusion-clearfix\"><\/div><\/div><\/div><div class=\"fusion-layout-column fusion_builder_column fusion-builder-column-1 fusion_builder_column_1_6 1_6 fusion-one-sixth fusion-column-first\" style=\"width:16.6666666667%;width:calc(16.6666666667% - ( ( 4% + 4% ) * 0.166666666667 ) );margin-right: 4%;margin-top:0px;margin-bottom:0px;\"><div class=\"fusion-column-wrapper fusion-flex-column-wrapper-legacy\" style=\"background-position:left top;background-repeat:no-repeat;-webkit-background-size:cover;-moz-background-size:cover;-o-background-size:cover;background-size:cover;padding: 0px 0px 0px 0px;\"><div class=\"fusion-clearfix\"><\/div><\/div><\/div><div class=\"fusion-layout-column fusion_builder_column fusion-builder-column-2 fusion_builder_column_2_3 2_3 fusion-two-third\" style=\"width:66.6666666667%;width:calc(66.6666666667% - ( ( 4% + 4% ) * 0.666666666667 ) );margin-right: 4%;margin-top:0px;margin-bottom:0px;\"><div class=\"fusion-column-wrapper fusion-flex-column-wrapper-legacy\" style=\"background-position:left top;background-repeat:no-repeat;-webkit-background-size:cover;-moz-background-size:cover;-o-background-size:cover;background-size:cover;padding: 0px 0px 0px 0px;\"><div class=\"fusion-text fusion-text-3\"><div role=\"form\" class=\"wpcf7\" id=\"wpcf7-f19344-o1\" lang=\"sk-SK\" dir=\"ltr\">\n<div class=\"screen-reader-response\"><p role=\"status\" aria-live=\"polite\" aria-atomic=\"true\"><\/p> <ul><\/ul><\/div>\n<form action=\"\/en\/wp-json\/wp\/v2\/pages\/19765#wpcf7-f19344-o1\" method=\"post\" class=\"wpcf7-form init\" novalidate=\"novalidate\" data-status=\"init\">\n<div style=\"display: none;\">\n<input type=\"hidden\" name=\"_wpcf7\" value=\"19344\" \/>\n<input type=\"hidden\" name=\"_wpcf7_version\" value=\"5.4.1\" \/>\n<input type=\"hidden\" name=\"_wpcf7_locale\" value=\"sk_SK\" \/>\n<input type=\"hidden\" name=\"_wpcf7_unit_tag\" value=\"wpcf7-f19344-o1\" \/>\n<input type=\"hidden\" name=\"_wpcf7_container_post\" value=\"0\" \/>\n<input type=\"hidden\" name=\"_wpcf7_posted_data_hash\" value=\"\" \/>\n<input type=\"hidden\" name=\"_wpcf7_recaptcha_response\" value=\"\" \/>\n<\/div>\n<div class=\"mkd-grid-row mkd-grid-small-gutter\">\n<div class=\"col-lg-12 col-md-12 col-sm-12\">\n<p><label>N\u00e1zov firmy (meno a priezvisko)<span class=\"required\">*<\/span><\/label><br \/>\n    <span class=\"wpcf7-form-control-wrap your-name\"><input type=\"text\" name=\"your-name\" value=\"\" size=\"40\" class=\"wpcf7-form-control wpcf7-text wpcf7-validates-as-required\" aria-required=\"true\" aria-invalid=\"false\" \/><\/span><\/p>\n<\/div>\n<\/div>\n<div class=\"mkd-grid-row mkd-grid-small-gutter\">\n<div class=\"col-lg-12 col-md-12 col-sm-12\">\n<p><label>Faktura\u010dn\u00e1 adresa (ulica, \u010d\u00edslo, PS\u010c a mesto)<span class=\"required\">*<\/span><\/label><br \/>\n    <span class=\"wpcf7-form-control-wrap adresa\"><input type=\"text\" name=\"adresa\" value=\"\" size=\"40\" class=\"wpcf7-form-control wpcf7-text wpcf7-validates-as-required\" aria-required=\"true\" aria-invalid=\"false\" \/><\/span><\/p>\n<\/div>\n<\/div>\n<div class=\"mkd-grid-row mkd-grid-small-gutter\">\n<div class=\"col-lg-6 col-md-6 col-sm-12\">\n<p><label>I\u010cO<span class=\"required\">*<\/span><\/label><br \/>\n    <span class=\"wpcf7-form-control-wrap your-ICO\"><input type=\"text\" name=\"your-ICO\" value=\"\" size=\"40\" class=\"wpcf7-form-control wpcf7-text wpcf7-validates-as-required\" aria-required=\"true\" aria-invalid=\"false\" \/><\/span><\/p>\n<\/div>\n<div class=\"col-lg-6 col-md-6 col-sm-12\">\n<p><label>DI\u010c \/ I\u010c DPH<span class=\"required\">*<\/span><\/label><br \/>\n    <span class=\"wpcf7-form-control-wrap your-DIC\"><input type=\"text\" name=\"your-DIC\" value=\"\" size=\"40\" class=\"wpcf7-form-control wpcf7-text wpcf7-validates-as-required\" aria-required=\"true\" aria-invalid=\"false\" \/><\/span><\/p>\n<\/div>\n<\/div>\n<div class=\"mkd-grid-row mkd-grid-small-gutter\">\n<div class=\"col-lg-6 col-md-6 col-sm-12\">\n<p><label>E-mail<span class=\"required\">*<\/span><\/label><br \/>\n    <span class=\"wpcf7-form-control-wrap your-email\"><input type=\"email\" name=\"your-email\" value=\"\" size=\"40\" class=\"wpcf7-form-control wpcf7-text wpcf7-email wpcf7-validates-as-required wpcf7-validates-as-email\" aria-required=\"true\" aria-invalid=\"false\" \/><\/span><\/p>\n<\/div>\n<div class=\"col-lg-6 col-md-6 col-sm-12\">\n<p><label>Tel. \u010d\u00edslo<span class=\"required\">*<\/span><\/label><br \/>\n    <span class=\"wpcf7-form-control-wrap your-phone\"><input type=\"tel\" name=\"your-phone\" value=\"\" size=\"40\" class=\"wpcf7-form-control wpcf7-text wpcf7-tel wpcf7-validates-as-required wpcf7-validates-as-tel\" aria-required=\"true\" aria-invalid=\"false\" \/><\/span><\/p>\n<\/div>\n<\/div>\n<div class=\"mkd-grid-row mkd-grid-small-gutter\">\n<div class=\"col-lg-12 col-md-12 col-sm-12\">\n<p><label>Sp\u00f4sob doru\u010denia<span class=\"required\">*<\/span><\/label><br \/>\n      <span class=\"wpcf7-form-control-wrap your-delivery\"><select name=\"your-delivery\" class=\"wpcf7-form-control wpcf7-select wpcf7-validates-as-required\" aria-required=\"true\" aria-invalid=\"false\"><option value=\"Po\u0161tou\">Po\u0161tou<\/option><option value=\"Osobne\">Osobne<\/option><\/select><\/span><\/p>\n<\/div>\n<\/div>\n<div class=\"col-lg-6 col-md-6 col-sm-12\">\n<p><label>O ak\u00fa publik\u00e1ciu m\u00e1te z\u00e1ujem?<\/label><\/p>\n<p>\u010cerven\u00e1 kniha FIDIC 1999<span class=\"wpcf7-form-control-wrap your-cervena-knihaa\"><input type=\"number\" name=\"your-cervena-knihaa\" value=\"\" class=\"wpcf7-form-control wpcf7-number wpcf7-validates-as-number required\" min=\"0\" max=\"99\" step=\"1\" aria-invalid=\"false\" placeholder=\"po\u010det ks\" \/><\/span><\/p>\n<p>\u017dlta kniha FIDIC 1999<span class=\"wpcf7-form-control-wrap your-zlta-knihaa\"><input type=\"number\" name=\"your-zlta-knihaa\" value=\"\" class=\"wpcf7-form-control wpcf7-number wpcf7-validates-as-number required\" min=\"0\" max=\"99\" step=\"1\" aria-invalid=\"false\" placeholder=\"po\u010det ks\" \/><\/span><\/p>\n<p>Zelen\u00e1 kniha FIDIC 1999<span class=\"wpcf7-form-control-wrap your-zelena-kniha\"><input type=\"number\" name=\"your-zelena-kniha\" value=\"\" class=\"wpcf7-form-control wpcf7-number wpcf7-validates-as-number required\" min=\"0\" max=\"99\" step=\"1\" aria-invalid=\"false\" placeholder=\"po\u010det ks\" \/><\/span><\/p>\n<p>Biela kniha FIDIC 2006<span class=\"wpcf7-form-control-wrap your-biela-kniha\"><input type=\"number\" name=\"your-biela-kniha\" value=\"\" class=\"wpcf7-form-control wpcf7-number wpcf7-validates-as-number required\" min=\"0\" max=\"99\" step=\"1\" aria-invalid=\"false\" placeholder=\"po\u010det ks\" \/><\/span><\/p>\n<p>FIDIC Podzhotovite\u013esk\u00e1 zmluva na v\u00fdstavbu 2011<span class=\"wpcf7-form-control-wrap your-podzh-zmluva\"><input type=\"number\" name=\"your-podzh-zmluva\" value=\"\" class=\"wpcf7-form-control wpcf7-number wpcf7-validates-as-number required\" min=\"0\" max=\"99\" step=\"1\" aria-invalid=\"false\" placeholder=\"po\u010det ks\" \/><\/span><\/p>\n<p>\u010cerven\u00e1 kniha FIDIC 2017 - reprint 2022 <span class=\"wpcf7-form-control-wrap your-cervena-kniha\"><input type=\"number\" name=\"your-cervena-kniha\" value=\"\" class=\"wpcf7-form-control wpcf7-number wpcf7-validates-as-number required\" min=\"0\" max=\"99\" step=\"1\" aria-invalid=\"false\" placeholder=\"po\u010det ks\" \/><\/span><\/p>\n<p>\u017dlt\u00e1 kniha FIDIC 2017 - reprint 2022 <span class=\"wpcf7-form-control-wrap your-zlta-kniha\"><input type=\"number\" name=\"your-zlta-kniha\" value=\"\" class=\"wpcf7-form-control wpcf7-number wpcf7-validates-as-number required\" min=\"0\" max=\"99\" step=\"1\" aria-invalid=\"false\" placeholder=\"po\u010det ks\" \/><\/span><\/p>\n<p>Strieborn\u00e1 kniha FIDIC 2017 - reprint 2022 <span class=\"wpcf7-form-control-wrap your-strieborna-kniha\"><input type=\"number\" name=\"your-strieborna-kniha\" value=\"\" class=\"wpcf7-form-control wpcf7-number wpcf7-validates-as-number required\" min=\"0\" max=\"99\" step=\"1\" aria-invalid=\"false\" placeholder=\"po\u010det ks\" \/><\/span><\/p>\n<\/div>\n<div class=\"col-lg-6 col-md-6 col-sm-12\">\n\n<\/div>\n<div class=\"mkd-grid-row mkd-grid-small-gutter\">\n<div class=\"col-lg-12 col-md-12 col-sm-12\">\n<p><label aria-label=\"S\u00fahlas\"><span class=\"wpcf7-form-control-wrap acceptance-16\"><span class=\"wpcf7-form-control wpcf7-acceptance optional\"><span class=\"wpcf7-list-item\"><label><input type=\"checkbox\" name=\"acceptance-16\" value=\"1\" aria-invalid=\"false\" \/><span class=\"wpcf7-list-item-label\">S\u00fahlas (nepovinn\u00e9)<\/span><\/label><\/span><\/span><\/span><\/label><\/p>\n<p>na zasielanie aktu\u00e1lnych inform\u00e1cii o dian\u00ed v SACE. Jedn\u00e1 sa o: ponuky<br \/>\n   \u0161kolen\u00ed, novinky, z\u013eavy, v\u00fdhody, limitovan\u00e9 ponuky, poriadan\u00e9 s\u00fa\u0165a\u017ee a \u010fal\u0161ie<br \/>\n   marketingov\u00e9 aktivity prev\u00e1dzkovate\u013ea: Slovensk\u00e1 asoci\u00e1cia konzulta\u010dn\u00fdch<br \/>\n   in\u017einierov (SACE), Tom\u00e1\u0161ikova 64A, 831 04 Bratislava, I\u010cO: 36065862.<\/p>\n<\/div>\n<\/div>\n<div class=\"mkd-grid-row mkd-grid-small-gutter\">\n<div class=\"col-lg-12 col-md-12 col-sm-12\">\n\n<\/div>\n<\/div>\n<div class=\"mkd-grid-row mkd-grid-small-gutter\">\n<div class=\"col-lg-12 col-md-12 col-sm-12\">\n   <input type=\"submit\" value=\"ODOSLA\u0164 OBJEDN\u00c1VKU\" class=\"wpcf7-form-control wpcf7-submit\" \/>\n  <\/div>\n<\/div>\n<input type='hidden' class='wpcf7-pum' value='{\"closepopup\":false,\"closedelay\":0,\"openpopup\":false,\"openpopup_id\":0}' \/><div class=\"fusion-alert alert custom alert-custom fusion-alert-center wpcf7-response-output alert-dismissable\" style=\"border-width:1px;\"><button type=\"button\" class=\"close toggle-alert\" data-dismiss=\"alert\" aria-hidden=\"true\">&times;<\/button><div class=\"fusion-alert-content-wrapper\"><span class=\"fusion-alert-content\"><\/span><\/div><\/div><\/form><\/div>\n<\/div><div class=\"fusion-clearfix\"><\/div><\/div><\/div><div class=\"fusion-layout-column fusion_builder_column fusion-builder-column-3 fusion_builder_column_1_6 1_6 fusion-one-sixth fusion-column-last\" style=\"width:16.6666666667%;width:calc(16.6666666667% - ( ( 4% + 4% ) * 0.166666666667 ) );margin-top:0px;margin-bottom:0px;\"><div class=\"fusion-column-wrapper fusion-flex-column-wrapper-legacy\" style=\"background-position:left top;background-repeat:no-repeat;-webkit-background-size:cover;-moz-background-size:cover;-o-background-size:cover;background-size:cover;padding: 0px 0px 0px 0px;\"><div class=\"fusion-clearfix\"><\/div><\/div><\/div><\/div><\/div>\n","protected":false},"excerpt":{"rendered":"","protected":false},"author":6,"featured_media":0,"parent":19740,"menu_order":0,"comment_status":"closed","ping_status":"closed","template":"100-width.php","meta":[],"yoast_head":"<!-- This site is optimized with the Yoast SEO plugin v16.2 - https:\/\/yoast.com\/wordpress\/plugins\/seo\/ -->\n<title>Order - SACE<\/title>\n<meta name=\"robots\" content=\"index, follow, max-snippet:-1, max-image-preview:large, max-video-preview:-1\" \/>\n<link rel=\"canonical\" href=\"https:\/\/sace.sk\/en\/publications\/order\/\" \/>\n<meta property=\"og:locale\" content=\"en_US\" \/>\n<meta property=\"og:type\" content=\"article\" \/>\n<meta property=\"og:title\" content=\"Order - SACE\" \/>\n<meta property=\"og:url\" content=\"https:\/\/sace.sk\/en\/publications\/order\/\" \/>\n<meta property=\"og:site_name\" content=\"SACE\" \/>\n<meta property=\"article:modified_time\" content=\"2019-12-04T14:20:29+00:00\" \/>\n<meta name=\"twitter:card\" content=\"summary\" \/>\n<meta name=\"twitter:label1\" content=\"Est. reading time\">\n\t<meta name=\"twitter:data1\" content=\"2 minutes\">\n<script type=\"application\/ld+json\" class=\"yoast-schema-graph\">{\"@context\":\"https:\/\/schema.org\",\"@graph\":[{\"@type\":\"WebSite\",\"@id\":\"https:\/\/sace.sk\/#website\",\"url\":\"https:\/\/sace.sk\/\",\"name\":\"SACE\",\"description\":\"Slovensk\\u00e1 asoci\\u00e1cia konzulta\\u010dn\\u00fdch in\\u017einierov\",\"potentialAction\":[{\"@type\":\"SearchAction\",\"target\":\"https:\/\/sace.sk\/?s={search_term_string}\",\"query-input\":\"required name=search_term_string\"}],\"inLanguage\":\"en-US\"},{\"@type\":\"WebPage\",\"@id\":\"https:\/\/sace.sk\/en\/publications\/order\/#webpage\",\"url\":\"https:\/\/sace.sk\/en\/publications\/order\/\",\"name\":\"Order - SACE\",\"isPartOf\":{\"@id\":\"https:\/\/sace.sk\/#website\"},\"datePublished\":\"2017-09-10T10:50:55+00:00\",\"dateModified\":\"2019-12-04T14:20:29+00:00\",\"breadcrumb\":{\"@id\":\"https:\/\/sace.sk\/en\/publications\/order\/#breadcrumb\"},\"inLanguage\":\"en-US\",\"potentialAction\":[{\"@type\":\"ReadAction\",\"target\":[\"https:\/\/sace.sk\/en\/publications\/order\/\"]}]},{\"@type\":\"BreadcrumbList\",\"@id\":\"https:\/\/sace.sk\/en\/publications\/order\/#breadcrumb\",\"itemListElement\":[{\"@type\":\"ListItem\",\"position\":1,\"item\":{\"@type\":\"WebPage\",\"@id\":\"https:\/\/sace.sk\/en\/\",\"url\":\"https:\/\/sace.sk\/en\/\",\"name\":\"Home\"}},{\"@type\":\"ListItem\",\"position\":2,\"item\":{\"@type\":\"WebPage\",\"@id\":\"https:\/\/sace.sk\/en\/publications\/\",\"url\":\"https:\/\/sace.sk\/en\/publications\/\",\"name\":\"Publications\"}},{\"@type\":\"ListItem\",\"position\":3,\"item\":{\"@id\":\"https:\/\/sace.sk\/en\/publications\/order\/#webpage\"}}]}]}<\/script>\n<!-- \/ Yoast SEO plugin. -->","_links":{"self":[{"href":"https:\/\/sace.sk\/en\/wp-json\/wp\/v2\/pages\/19765"}],"collection":[{"href":"https:\/\/sace.sk\/en\/wp-json\/wp\/v2\/pages"}],"about":[{"href":"https:\/\/sace.sk\/en\/wp-json\/wp\/v2\/types\/page"}],"author":[{"embeddable":true,"href":"https:\/\/sace.sk\/en\/wp-json\/wp\/v2\/users\/6"}],"replies":[{"embeddable":true,"href":"https:\/\/sace.sk\/en\/wp-json\/wp\/v2\/comments?post=19765"}],"version-history":[{"count":1,"href":"https:\/\/sace.sk\/en\/wp-json\/wp\/v2\/pages\/19765\/revisions"}],"predecessor-version":[{"id":21419,"href":"https:\/\/sace.sk\/en\/wp-json\/wp\/v2\/pages\/19765\/revisions\/21419"}],"up":[{"embeddable":true,"href":"https:\/\/sace.sk\/en\/wp-json\/wp\/v2\/pages\/19740"}],"wp:attachment":[{"href":"https:\/\/sace.sk\/en\/wp-json\/wp\/v2\/media?parent=19765"}],"curies":[{"name":"wp","href":"https:\/\/api.w.org\/{rel}","templated":true}]}}