{"id":19751,"date":"2017-09-10T12:39:05","date_gmt":"2017-09-10T10:39:05","guid":{"rendered":"http:\/\/sace.vengs.biz\/?page_id=19751\/"},"modified":"2025-10-07T09:52:09","modified_gmt":"2025-10-07T07:52:09","slug":"contact","status":"publish","type":"page","link":"https:\/\/sace.sk\/en\/contact\/","title":{"rendered":"Contact"},"content":{"rendered":"<p><div class=\"fusion-fullwidth fullwidth-box fusion-builder-row-1 nonhundred-percent-fullwidth non-hundred-percent-height-scrolling\" style=\"background-color: rgba(255,255,255,0);background-position: center center;background-repeat: no-repeat;padding-top:80px;padding-right:0px;padding-bottom:40px;padding-left:0px;margin-bottom: 0px;margin-top: 0px;border-width: 0px 0px 0px 0px;border-color:#eae9e9;border-style:solid;\" ><div class=\"fusion-builder-row fusion-row\"><div class=\"fusion-layout-column fusion_builder_column fusion-builder-column-0 fusion_builder_column_1_1 1_1 fusion-one-full fusion-column-first fusion-column-last\" style=\"margin-top:0px;margin-bottom:0px;\"><div class=\"fusion-column-wrapper fusion-flex-column-wrapper-legacy\" style=\"background-position:left top;background-repeat:no-repeat;-webkit-background-size:cover;-moz-background-size:cover;-o-background-size:cover;background-size:cover;padding: 0px 0px 0px 0px;\"><div class=\"fusion-text fusion-text-1\"><h1 style=\"text-align: center;\">Contact<\/h1>\n<\/div><div class=\"fusion-sep-clear\"><\/div><div class=\"fusion-separator\" style=\"margin-left: auto;margin-right: auto;margin-top:15px;margin-bottom:70px;width:100%;max-width:90px;\"><div class=\"fusion-separator-border sep-single sep-solid\" style=\"border-color:#015289;border-top-width:2px;\"><\/div><\/div><div class=\"fusion-sep-clear\"><\/div><div class=\"fusion-content-boxes content-boxes columns row fusion-columns-3 fusion-columns-total-3 fusion-content-boxes-1 content-boxes-icon-on-side content-left fusion-delayed-animation\" data-animation-delay=\"300\" data-animationOffset=\"100%\" style=\"margin-top:18px;margin-bottom:18px;\"><style type=\"text\/css\">.fusion-content-boxes-1 .heading .content-box-heading {color:#333333;}\n\t\t\t\t\t.fusion-content-boxes-1 .fusion-content-box-hover .link-area-link-icon-hover .heading .content-box-heading,\n\t\t\t\t\t.fusion-content-boxes-1 .fusion-content-box-hover .link-area-link-icon-hover .heading .heading-link .content-box-heading,\n\t\t\t\t\t.fusion-content-boxes-1 .fusion-content-box-hover .link-area-box-hover .heading .content-box-heading,\n\t\t\t\t\t.fusion-content-boxes-1 .fusion-content-box-hover .link-area-box-hover .heading .heading-link .content-box-heading,\n\t\t\t\t\t.fusion-content-boxes-1 .fusion-content-box-hover .link-area-link-icon-hover.link-area-box .fusion-read-more,\n\t\t\t\t\t.fusion-content-boxes-1 .fusion-content-box-hover .link-area-link-icon-hover.link-area-box .fusion-read-more::after,\n\t\t\t\t\t.fusion-content-boxes-1 .fusion-content-box-hover .link-area-link-icon-hover.link-area-box .fusion-read-more::before,\n\t\t\t\t\t.fusion-content-boxes-1 .fusion-content-box-hover .fusion-read-more:hover:after,\n\t\t\t\t\t.fusion-content-boxes-1 .fusion-content-box-hover .fusion-read-more:hover:before,\n\t\t\t\t\t.fusion-content-boxes-1 .fusion-content-box-hover .fusion-read-more:hover,\n\t\t\t\t\t.fusion-content-boxes-1 .fusion-content-box-hover .link-area-box-hover.link-area-box .fusion-read-more,\n\t\t\t\t\t.fusion-content-boxes-1 .fusion-content-box-hover .link-area-box-hover.link-area-box .fusion-read-more::after,\n\t\t\t\t\t.fusion-content-boxes-1 .fusion-content-box-hover .link-area-box-hover.link-area-box .fusion-read-more::before,\n\t\t\t\t\t.fusion-content-boxes-1 .fusion-content-box-hover .link-area-link-icon-hover .icon .circle-no,\n\t\t\t\t\t.fusion-content-boxes-1 .heading .heading-link:hover .content-box-heading {\n\t\t\t\t\t\tcolor: #015289;\n\t\t\t\t\t}\n\t\t\t\t\t.fusion-content-boxes-1 .fusion-content-box-hover .link-area-box-hover .icon .circle-no {\n\t\t\t\t\t\tcolor: #015289 !important;\n\t\t\t\t\t}.fusion-content-boxes-1 .fusion-content-box-hover .link-area-box.link-area-box-hover .fusion-content-box-button {background: #333333;color: #ffffff;}.fusion-content-boxes-1 .fusion-content-box-hover .link-area-box.link-area-box-hover .fusion-content-box-button .fusion-button-text {color: #ffffff;}\n\t\t\t\t\t.fusion-content-boxes-1 .fusion-content-box-hover .link-area-link-icon-hover .heading .icon > span {\n\t\t\t\t\t\tbackground-color: #015289 !important;\n\t\t\t\t\t}\n\t\t\t\t\t.fusion-content-boxes-1 .fusion-content-box-hover .link-area-box-hover .heading .icon > span {\n\t\t\t\t\t\tborder-color: #015289 !important;\n\t\t\t\t\t}\n\t\t\t\t\t\t.fusion-content-boxes-1 .fusion-content-box-hover .link-area-link-icon-hover.icon-hover-animation-pulsate .fontawesome-icon:after,\n\t\t\t\t\t\t.fusion-content-boxes-1 .fusion-content-box-hover .link-area-box-hover.icon-hover-animation-pulsate .fontawesome-icon:after,\n\t\t\t\t\t\t.fusion-content-boxes-1 .fusion-content-box-hover .link-area-link-icon-hover.icon-wrapper-hover-animation-pulsate .icon span:after,\n\t\t\t\t\t\t.fusion-content-boxes-1 .fusion-content-box-hover .link-area-box-hover.icon-wrapper-hover-animation-pulsate .icon span:after {\n\t\t\t\t\t\t\t-webkit-box-shadow:0 0 0 2px rgba(255,255,255,0.1), 0 0 10px 10px #015289, 0 0 0 10px rgba(255,255,255,0.5);\n\t\t\t\t\t\t\t-moz-box-shadow:0 0 0 2px rgba(255,255,255,0.1), 0 0 10px 10px #015289, 0 0 0 10px rgba(255,255,255,0.5);\n\t\t\t\t\t\t\tbox-shadow: 0 0 0 2px rgba(255,255,255,0.1), 0 0 10px 10px #015289, 0 0 0 10px rgba(255,255,255,0.5);\n\t\t\t\t\t\t}\n\t\t\t\t\t<\/style><div class=\"fusion-column content-box-column content-box-column content-box-column-1 col-lg-4 col-md-4 col-sm-4 fusion-content-box-hover content-box-column-first-in-row\"><div class=\"col content-box-wrapper content-wrapper link-area-box icon-hover-animation-pulsate fusion-animated\" style=\"background-color:rgba(255,255,255,0);\" data-animationType=\"fadeInDown\" data-animationDuration=\"0.6\" data-animationOffset=\"100%\"><div class=\"heading heading-with-icon icon-left\"><div class=\"icon\" style=\"-webkit-animation-duration: 300ms;animation-duration: 300ms;\"><i style=\"border-color:transparent;border-width:0px;background-color:#333333;box-sizing:content-box;height:56px;width:56px;line-height:56px;border-radius:50%;color:#ffffff;font-size:28px;\" aria-hidden=\"true\" class=\"fontawesome-icon fa-user fas circle-yes\"><\/i><\/div><h2 class=\"content-box-heading\" style=\"font-size:25px;line-height:30px;padding-left:76px;\">President of SACE<\/h2><\/div><div class=\"fusion-clearfix\"><\/div><div class=\"content-container\" style=\"padding-left:76px;color:#747474;\">\n<p><b>Ing. Branislav Hud\u00e1k<\/b><br \/>\nphone: +421 903 217 923<br \/>\ne-mail:\u00a0<a href=\"mailto:prezident@sace.sk\">prezident(a)sace.sk<\/a>; <a href=\"mailto:hudak@reming.sk\">hudak(a)reming.sk<\/a><\/p>\n<\/div><\/div><\/div><div class=\"fusion-column content-box-column content-box-column content-box-column-2 col-lg-4 col-md-4 col-sm-4 fusion-content-box-hover \"><div class=\"col content-box-wrapper content-wrapper link-area-box icon-hover-animation-pulsate fusion-animated\" style=\"background-color:rgba(255,255,255,0);\" data-animationType=\"fadeInDown\" data-animationDuration=\"0.6\" data-animationOffset=\"100%\"><div class=\"heading heading-with-icon icon-left\"><div class=\"icon\" style=\"-webkit-animation-duration: 300ms;animation-duration: 300ms;\"><i style=\"border-color:transparent;border-width:0px;background-color:#333333;box-sizing:content-box;height:56px;width:56px;line-height:56px;border-radius:50%;color:#ffffff;font-size:28px;\" aria-hidden=\"true\" class=\"fontawesome-icon fa-user fas circle-yes\"><\/i><\/div><h2 class=\"content-box-heading\" style=\"font-size:25px;line-height:30px;padding-left:76px;\">Vice-president of SACE<\/h2><\/div><div class=\"fusion-clearfix\"><\/div><div class=\"content-container\" style=\"padding-left:76px;color:#747474;\">\n<p><b>Ing. Ond\u0159ej Van\u011b\u010dek<\/b><br \/>\nphone: +420 721 403 311<br \/>\ne-mail:\u00a0<a href=\"mailto:viceprezident@sace.sk\">viceprezident(a)sace.sk;<\/a> <a href=\"mailto:vanecek@cmanagement.sk\">vanecek(a)cmanagement.sk<\/a><\/p>\n<\/div><\/div><\/div><div class=\"fusion-column content-box-column content-box-column content-box-column-3 col-lg-4 col-md-4 col-sm-4 fusion-content-box-hover content-box-column-last content-box-column-last-in-row\"><div class=\"col content-box-wrapper content-wrapper link-area-box icon-hover-animation-pulsate fusion-animated\" style=\"background-color:rgba(255,255,255,0);\" data-animationType=\"fadeInDown\" data-animationDuration=\"0.6\" data-animationOffset=\"100%\"><div class=\"heading heading-with-icon icon-left\"><div class=\"icon\" style=\"-webkit-animation-duration: 300ms;animation-duration: 300ms;\"><i style=\"border-color:transparent;border-width:0px;background-color:#333333;box-sizing:content-box;height:56px;width:56px;line-height:56px;border-radius:50%;color:#ffffff;font-size:28px;\" aria-hidden=\"true\" class=\"fontawesome-icon fa-user fas circle-yes\"><\/i><\/div><h2 class=\"content-box-heading\" style=\"font-size:25px;line-height:30px;padding-left:76px;\">Secretary of SACE<\/h2><\/div><div class=\"fusion-clearfix\"><\/div><div class=\"content-container\" style=\"padding-left:76px;color:#747474;\">\n<p><b>&#8211;<\/b><br \/>\nphone: +421 907 475 853<br \/>\ne-mail: <a href=\"mailto:tajomnik@sace.sk\">tajomnik(a)sace.sk<\/a><\/p>\n<\/div><\/div><\/div><style type=\"text\/css\">\n\t\t\t\t\t\t.fusion-content-boxes-1 .fusion-content-box-hover .heading-link:hover .icon i.circle-yes,\n\t\t\t\t\t\t.fusion-content-boxes-1 .fusion-content-box-hover .link-area-box:hover .heading-link .icon i.circle-yes,\n\t\t\t\t\t\t.fusion-content-boxes-1 .fusion-content-box-hover .link-area-link-icon-hover .heading .icon i.circle-yes,\n\t\t\t\t\t\t.fusion-content-boxes-1 .fusion-content-box-hover .link-area-box-hover .heading .icon i.circle-yes {\n\t\t\t\t\t\t\tbackground-color: #015289 !important;\n\t\t\t\t\t\t\tborder-color: #015289 !important;\n\t\t\t\t\t\t}<\/style><div class=\"fusion-clearfix\"><\/div><\/div><div class=\"fusion-clearfix\"><\/div><\/div><\/div><\/div><\/div><div class=\"fusion-fullwidth fullwidth-box fusion-builder-row-2 nonhundred-percent-fullwidth non-hundred-percent-height-scrolling\" style=\"background-color: #ededed;background-position: center center;background-repeat: no-repeat;padding-top:0px;padding-right:0px;padding-bottom:0px;padding-left:0px;margin-bottom: 0px;margin-top: 0px;border-width: 0px 0px 0px 0px;border-color:#eae9e9;border-style:solid;\" ><div class=\"fusion-builder-row fusion-row\"><div class=\"fusion-layout-column fusion_builder_column fusion-builder-column-1 fusion_builder_column_1_1 1_1 fusion-one-full fusion-column-first fusion-column-last\" style=\"margin-top:0px;margin-bottom:0px;\"><div class=\"fusion-column-wrapper fusion-flex-column-wrapper-legacy\" style=\"background-position:left top;background-repeat:no-repeat;-webkit-background-size:cover;-moz-background-size:cover;-o-background-size:cover;background-size:cover;padding: 0px 0px 0px 0px;\"><div class=\"fusion-section-separator section-separator big-half-circle fusion-section-separator-1\"><div class=\"fusion-section-separator-svg\" style=\"padding:0;margin-left: 0px;margin-right: 0px;\"><svg class=\"fusion-big-half-circle-candy\" xmlns=\"http:\/\/www.w3.org\/2000\/svg\" version=\"1.1\" width=\"100%\" height=\"100\" viewBox=\"0 0 100 100\" preserveAspectRatio=\"none\" style=\"fill:#ffffff;padding:0;\"><path d=\"M0 0 C55 180 100 0 100 0 Z\"><\/path><\/svg><\/div><div class=\"fusion-section-separator-spacer\"><div class=\"fusion-section-separator-spacer-height\" style=\"height:99px;\"><\/div><\/div><\/div><div class=\"fusion-clearfix\"><\/div><\/div><\/div><div class=\"fusion-layout-column fusion_builder_column fusion-builder-column-2 fusion_builder_column_1_2 1_2 fusion-one-half fusion-column-first\" style=\"width:50%;width:calc(50% - ( ( 4% ) * 0.5 ) );margin-right: 4%;margin-top:0px;margin-bottom:0px;\"><div class=\"fusion-column-wrapper fusion-flex-column-wrapper-legacy\" style=\"background-position:left top;background-repeat:no-repeat;-webkit-background-size:cover;-moz-background-size:cover;-o-background-size:cover;background-size:cover;padding: 50px 0px 50px 0px;\">\t\t\t\t\t<script type=\"text\/javascript\">\n\t\t\t\t\t\tvar map_fusion_map_69ecd90ef0eff;\n\t\t\t\t\t\tvar markers = [];\n\t\t\t\t\t\tvar counter = 0;\n\t\t\t\t\t\t\t\t\t\t\t\t\t\t\t\t\t\t\t\tvar fusionMapNonce = '93fc7bdefc';\n\t\t\t\t\t\t\t\t\t\t\t\tfunction fusion_run_map_fusion_map_69ecd90ef0eff() {\n\t\t\t\t\t\t\tjQuery('#fusion_map_69ecd90ef0eff').fusion_maps({\n\t\t\t\t\t\t\t\taddresses: [{\"address\":\"Tom\\u00e1\\u0161ikova 64A, Bratislava\",\"infobox_content\":\"Tom\\u00e1\\u0161ikova 64A, Bratislava\",\"coordinates\":false,\"cache\":true,\"latitude\":\"48.17260640000001\",\"longitude\":\"17.143013\"}],\n\t\t\t\t\t\t\t\tanimations: false,\n\t\t\t\t\t\t\t\tinfobox_background_color: '',\n\t\t\t\t\t\t\t\tinfobox_styling: 'default',\n\t\t\t\t\t\t\t\tinfobox_text_color: '',\n\t\t\t\t\t\t\t\tmap_style: 'default',\n\t\t\t\t\t\t\t\tmap_type: 'roadmap',\n\t\t\t\t\t\t\t\tmarker_icon: '',\n\t\t\t\t\t\t\t\toverlay_color: '',\n\t\t\t\t\t\t\t\toverlay_color_hsl: {\"hue\":0,\"sat\":0,\"lum\":100},\n\t\t\t\t\t\t\t\tpan_control: true,\n\t\t\t\t\t\t\t\tshow_address: true,\n\t\t\t\t\t\t\t\tscale_control: true,\n\t\t\t\t\t\t\t\tscrollwheel: true,\n\t\t\t\t\t\t\t\tzoom: 14,\n\t\t\t\t\t\t\t\tzoom_control: true,\n\t\t\t\t\t\t\t});\n\t\t\t\t\t\t}\n\n\t\t\t\t\t\tgoogle.maps.event.addDomListener(window, 'load', fusion_run_map_fusion_map_69ecd90ef0eff);\n\t\t\t\t\t<\/script>\n\t\t\t\t\t<div class=\"shortcode-map fusion-google-map fusion-maps-js-type\" id=\"fusion_map_69ecd90ef0eff\" style=\"height:600px;width:100%;\"><\/div><div class=\"fusion-clearfix\"><\/div><\/div><\/div><div class=\"fusion-layout-column fusion_builder_column fusion-builder-column-3 fusion_builder_column_1_2 1_2 fusion-one-half fusion-column-last\" style=\"width:50%;width:calc(50% - ( ( 4% ) * 0.5 ) );margin-top:0px;margin-bottom:0px;\"><div class=\"fusion-column-wrapper fusion-flex-column-wrapper-legacy\" style=\"background-position:left top;background-repeat:no-repeat;-webkit-background-size:cover;-moz-background-size:cover;-o-background-size:cover;background-size:cover;padding: 50px 0px 50px 0px;\"><div class=\"fusion-text fusion-text-2\"><h2 style=\"text-align: left;\"><b>Slovak Association<br \/>\nof Consulting Engineers<\/b><\/h2>\n<\/div><div class=\"fusion-sep-clear\"><\/div><div class=\"fusion-separator fusion-clearfix\" style=\"float:left;margin-top:30px;margin-bottom:30px;width:100%;max-width:90px;\"><div class=\"fusion-separator-border sep-single sep-solid\" style=\"border-color:#015289;border-top-width:2px;\"><\/div><\/div><div class=\"fusion-sep-clear\"><\/div><div class=\"fusion-text fusion-text-3\"><p>Tom\u00e1\u0161ikova 64A<br \/>\nSK-831 04 Bratislava (in head office of REMING Consult, a.s.)<\/p>\n<p>SACE is registered in the register of the interest associations of legal persons (no. OVVS\/ 537\/4\/2003)<\/p>\n<p>I\u010cO (Company identification number): 36065862<br \/>\nDI\u010c (Tax identification number): 2021787339<br \/>\nSACE is not a VAT payer<\/p>\n<p><strong>Bank account:<\/strong><br \/>\nUniCredit Bank Czech Republic and Slovakia, a.s. \u2013 pobo\u010dka zahrani\u010dnej banky<br \/>\nIBAN: SK89 1111 0000 0014 9203 0007<br \/>\nBIC (SWIFT): UNCRSKBX<\/p>\n<\/div><div class=\"fusion-clearfix\"><\/div><\/div><\/div><div class=\"fusion-layout-column fusion_builder_column fusion-builder-column-4 fusion_builder_column_1_1 1_1 fusion-one-full fusion-column-first fusion-column-last\" style=\"margin-top:0px;margin-bottom:0px;\"><div class=\"fusion-column-wrapper fusion-flex-column-wrapper-legacy\" style=\"background-position:left top;background-repeat:no-repeat;-webkit-background-size:cover;-moz-background-size:cover;-o-background-size:cover;background-size:cover;padding: 0px 0px 0px 0px;\"><div class=\"fusion-section-separator section-separator big-half-circle fusion-section-separator-2\"><div class=\"fusion-section-separator-svg\" style=\"padding:0;margin-left: 0px;margin-right: 0px;\"><svg class=\"fusion-big-half-circle-candy\" xmlns=\"http:\/\/www.w3.org\/2000\/svg\" version=\"1.1\" width=\"100%\" height=\"100\" viewBox=\"0 0 100 100\" preserveAspectRatio=\"none\" style=\"fill:#ffffff;padding:0;\"><path d=\"M0 100 C40 0 60 0 100 100 Z\"><\/path><\/svg><\/div><div class=\"fusion-section-separator-spacer\"><div class=\"fusion-section-separator-spacer-height\" style=\"height:99px;\"><\/div><\/div><\/div><div class=\"fusion-clearfix\"><\/div><\/div><\/div><\/div><\/div><div id=\"contact\"><div class=\"fusion-fullwidth fullwidth-box fusion-builder-row-3 nonhundred-percent-fullwidth non-hundred-percent-height-scrolling\" style=\"background-color: rgba(255,255,255,0);background-position: center center;background-repeat: no-repeat;padding-top:0px;padding-right:0px;padding-bottom:0px;padding-left:0px;margin-bottom: 50px;margin-top: 50px;border-width: 0px 0px 0px 0px;border-color:#eae9e9;border-style:solid;\" ><div class=\"fusion-builder-row fusion-row\"><div class=\"fusion-layout-column fusion_builder_column fusion-builder-column-5 fusion_builder_column_1_6 1_6 fusion-one-sixth fusion-column-first\" style=\"width:16.6666666667%;width:calc(16.6666666667% - ( ( 4% + 4% ) * 0.166666666667 ) );margin-right: 4%;margin-top:0px;margin-bottom:0px;\"><div class=\"fusion-column-wrapper fusion-flex-column-wrapper-legacy\" style=\"background-position:left top;background-repeat:no-repeat;-webkit-background-size:cover;-moz-background-size:cover;-o-background-size:cover;background-size:cover;padding: 0px 0px 0px 0px;\"><div class=\"fusion-clearfix\"><\/div><\/div><\/div><div class=\"fusion-layout-column fusion_builder_column fusion-builder-column-6 fusion_builder_column_2_3 2_3 fusion-two-third\" style=\"width:66.6666666667%;width:calc(66.6666666667% - ( ( 4% + 4% ) * 0.666666666667 ) );margin-right: 4%;margin-top:0px;margin-bottom:0px;\"><div class=\"fusion-column-wrapper fusion-flex-column-wrapper-legacy\" style=\"background-position:left top;background-repeat:no-repeat;-webkit-background-size:cover;-moz-background-size:cover;-o-background-size:cover;background-size:cover;padding: 0px 0px 0px 0px;\"><div class=\"fusion-text fusion-text-4\"><h2 style=\"text-align: center;\">Contact us<\/h2>\n<\/div><div class=\"fusion-sep-clear\"><\/div><div class=\"fusion-separator\" style=\"margin-left: auto;margin-right: auto;margin-top:15px;margin-bottom:70px;width:100%;max-width:90px;\"><div class=\"fusion-separator-border sep-single sep-solid\" style=\"border-color:#015289;border-top-width:2px;\"><\/div><\/div><div class=\"fusion-sep-clear\"><\/div><div class=\"fusion-text fusion-text-5\"><div role=\"form\" class=\"wpcf7\" id=\"wpcf7-f21425-o1\" lang=\"en-US\" dir=\"ltr\">\n<div class=\"screen-reader-response\"><p role=\"status\" aria-live=\"polite\" aria-atomic=\"true\"><\/p> <ul><\/ul><\/div>\n<form action=\"\/en\/wp-json\/wp\/v2\/pages\/19751#wpcf7-f21425-o1\" method=\"post\" class=\"wpcf7-form init\" novalidate=\"novalidate\" data-status=\"init\">\n<div style=\"display: none;\">\n<input type=\"hidden\" name=\"_wpcf7\" value=\"21425\" \/>\n<input type=\"hidden\" name=\"_wpcf7_version\" value=\"5.4.1\" \/>\n<input type=\"hidden\" name=\"_wpcf7_locale\" value=\"en_US\" \/>\n<input type=\"hidden\" name=\"_wpcf7_unit_tag\" value=\"wpcf7-f21425-o1\" \/>\n<input type=\"hidden\" name=\"_wpcf7_container_post\" value=\"0\" \/>\n<input type=\"hidden\" name=\"_wpcf7_posted_data_hash\" value=\"\" \/>\n<input type=\"hidden\" name=\"_wpcf7_recaptcha_response\" value=\"\" \/>\n<\/div>\n<p><label aria-label=\"Name\"><span class=\"wpcf7-form-control-wrap your-name\"><input type=\"text\" name=\"your-name\" value=\"\" size=\"40\" class=\"wpcf7-form-control wpcf7-text wpcf7-validates-as-required\" aria-required=\"true\" aria-invalid=\"false\" placeholder=\"Name and surname\" \/><\/span><\/label><\/p>\n<p><label aria-label=\"Email\"><span class=\"wpcf7-form-control-wrap your-email\"><input type=\"email\" name=\"your-email\" value=\"\" size=\"40\" class=\"wpcf7-form-control wpcf7-text wpcf7-email wpcf7-validates-as-required wpcf7-validates-as-email\" aria-required=\"true\" aria-invalid=\"false\" placeholder=\"E-mail\" \/><\/span><\/label><\/p>\n<p><label aria-label=\"Subject\"><span class=\"wpcf7-form-control-wrap your-subject\"><input type=\"text\" name=\"your-subject\" value=\"\" size=\"40\" class=\"wpcf7-form-control wpcf7-text\" aria-invalid=\"false\" placeholder=\"Subject\" \/><\/span><\/label><\/p>\n<p><label aria-label=\"Message\"><span class=\"wpcf7-form-control-wrap your-message\"><textarea name=\"your-message\" cols=\"40\" rows=\"10\" class=\"wpcf7-form-control wpcf7-textarea\" aria-invalid=\"false\" placeholder=\"Message\"><\/textarea><\/span><\/label><\/p>\n<p><label aria-label=\"S\u00fahlas\"><span class=\"wpcf7-form-control-wrap acceptance-147\"><span class=\"wpcf7-form-control wpcf7-acceptance\"><span class=\"wpcf7-list-item\"><label><input type=\"checkbox\" name=\"acceptance-147\" value=\"1\" aria-invalid=\"false\" \/><span class=\"wpcf7-list-item-label\">Acceptance<\/span><\/label><\/span><\/span><\/span><\/label><\/p>\n<p>with sending you SACE's newsletter. Operated by: Slovak Association of Consulting Engineers (SACE), Trnavsk\u00e1 cesta 25, SK-831 04 Bratislava, Slovakia, I\u010cO: 36065862.<\/p>\n<div class=\"mkd-grid-row mkd-grid-small-gutter\">\n<div class=\"col-lg-12 col-md-12 col-sm-12\">\n\n<\/div>\n<\/div>\n<p align=\"center\"><input type=\"submit\" value=\"Send\" class=\"wpcf7-form-control wpcf7-submit\" \/><\/p>\n<input type='hidden' class='wpcf7-pum' value='{\"closepopup\":false,\"closedelay\":0,\"openpopup\":false,\"openpopup_id\":0}' \/><div class=\"fusion-alert alert custom alert-custom fusion-alert-center wpcf7-response-output alert-dismissable\" style=\"border-width:1px;\"><button type=\"button\" class=\"close toggle-alert\" data-dismiss=\"alert\" aria-hidden=\"true\">&times;<\/button><div class=\"fusion-alert-content-wrapper\"><span class=\"fusion-alert-content\"><\/span><\/div><\/div><\/form><\/div>\n<\/div><div class=\"fusion-clearfix\"><\/div><\/div><\/div><div class=\"fusion-layout-column fusion_builder_column fusion-builder-column-7 fusion_builder_column_1_6 1_6 fusion-one-sixth fusion-column-last\" style=\"width:16.6666666667%;width:calc(16.6666666667% - ( ( 4% + 4% ) * 0.166666666667 ) );margin-top:0px;margin-bottom:0px;\"><div class=\"fusion-column-wrapper fusion-flex-column-wrapper-legacy\" style=\"background-position:left top;background-repeat:no-repeat;-webkit-background-size:cover;-moz-background-size:cover;-o-background-size:cover;background-size:cover;padding: 0px 0px 0px 0px;\"><div class=\"fusion-clearfix\"><\/div><\/div><\/div><\/div><\/div><\/div><\/p>\n","protected":false},"excerpt":{"rendered":"","protected":false},"author":6,"featured_media":0,"parent":0,"menu_order":0,"comment_status":"closed","ping_status":"closed","template":"100-width.php","meta":[],"yoast_head":"<!-- This site is optimized with the Yoast SEO plugin v16.2 - https:\/\/yoast.com\/wordpress\/plugins\/seo\/ -->\n<title>SACE contacts: Association management and secretariat<\/title>\n<meta name=\"description\" content=\"If you have any questions, you can contact us - SACE contacts: President of SACE, Vice-President of SACE and Secretary of SACE\" \/>\n<meta name=\"robots\" content=\"index, follow, max-snippet:-1, max-image-preview:large, max-video-preview:-1\" \/>\n<link rel=\"canonical\" href=\"https:\/\/sace.sk\/en\/contact\/\" \/>\n<meta property=\"og:locale\" content=\"en_US\" \/>\n<meta property=\"og:type\" content=\"article\" \/>\n<meta property=\"og:title\" content=\"SACE contacts: Association management and secretariat\" \/>\n<meta property=\"og:description\" content=\"If you have any questions, you can contact us - SACE contacts: President of SACE, Vice-President of SACE and Secretary of SACE\" \/>\n<meta property=\"og:url\" content=\"https:\/\/sace.sk\/en\/contact\/\" \/>\n<meta property=\"og:site_name\" content=\"SACE\" \/>\n<meta property=\"article:modified_time\" content=\"2025-10-07T07:52:09+00:00\" \/>\n<meta name=\"twitter:card\" content=\"summary\" \/>\n<meta name=\"twitter:label1\" content=\"Est. reading time\">\n\t<meta name=\"twitter:data1\" content=\"4 minutes\">\n<script type=\"application\/ld+json\" class=\"yoast-schema-graph\">{\"@context\":\"https:\/\/schema.org\",\"@graph\":[{\"@type\":\"WebSite\",\"@id\":\"https:\/\/sace.sk\/#website\",\"url\":\"https:\/\/sace.sk\/\",\"name\":\"SACE\",\"description\":\"Slovensk\\u00e1 asoci\\u00e1cia konzulta\\u010dn\\u00fdch in\\u017einierov\",\"potentialAction\":[{\"@type\":\"SearchAction\",\"target\":\"https:\/\/sace.sk\/?s={search_term_string}\",\"query-input\":\"required name=search_term_string\"}],\"inLanguage\":\"en-US\"},{\"@type\":\"WebPage\",\"@id\":\"https:\/\/sace.sk\/en\/contact\/#webpage\",\"url\":\"https:\/\/sace.sk\/en\/contact\/\",\"name\":\"SACE contacts: Association management and secretariat\",\"isPartOf\":{\"@id\":\"https:\/\/sace.sk\/#website\"},\"datePublished\":\"2017-09-10T10:39:05+00:00\",\"dateModified\":\"2025-10-07T07:52:09+00:00\",\"description\":\"If you have any questions, you can contact us - SACE contacts: President of SACE, Vice-President of SACE and Secretary of SACE\",\"breadcrumb\":{\"@id\":\"https:\/\/sace.sk\/en\/contact\/#breadcrumb\"},\"inLanguage\":\"en-US\",\"potentialAction\":[{\"@type\":\"ReadAction\",\"target\":[\"https:\/\/sace.sk\/en\/contact\/\"]}]},{\"@type\":\"BreadcrumbList\",\"@id\":\"https:\/\/sace.sk\/en\/contact\/#breadcrumb\",\"itemListElement\":[{\"@type\":\"ListItem\",\"position\":1,\"item\":{\"@type\":\"WebPage\",\"@id\":\"https:\/\/sace.sk\/en\/\",\"url\":\"https:\/\/sace.sk\/en\/\",\"name\":\"Home\"}},{\"@type\":\"ListItem\",\"position\":2,\"item\":{\"@id\":\"https:\/\/sace.sk\/en\/contact\/#webpage\"}}]}]}<\/script>\n<!-- \/ Yoast SEO plugin. -->","_links":{"self":[{"href":"https:\/\/sace.sk\/en\/wp-json\/wp\/v2\/pages\/19751"}],"collection":[{"href":"https:\/\/sace.sk\/en\/wp-json\/wp\/v2\/pages"}],"about":[{"href":"https:\/\/sace.sk\/en\/wp-json\/wp\/v2\/types\/page"}],"author":[{"embeddable":true,"href":"https:\/\/sace.sk\/en\/wp-json\/wp\/v2\/users\/6"}],"replies":[{"embeddable":true,"href":"https:\/\/sace.sk\/en\/wp-json\/wp\/v2\/comments?post=19751"}],"version-history":[{"count":6,"href":"https:\/\/sace.sk\/en\/wp-json\/wp\/v2\/pages\/19751\/revisions"}],"predecessor-version":[{"id":23415,"href":"https:\/\/sace.sk\/en\/wp-json\/wp\/v2\/pages\/19751\/revisions\/23415"}],"wp:attachment":[{"href":"https:\/\/sace.sk\/en\/wp-json\/wp\/v2\/media?parent=19751"}],"curies":[{"name":"wp","href":"https:\/\/api.w.org\/{rel}","templated":true}]}}